{"id":276,"date":"2017-09-23T11:15:31","date_gmt":"2017-09-23T09:15:31","guid":{"rendered":"http:\/\/www.airoller.fr\/wordpress\/?page_id=276"},"modified":"2026-05-02T11:39:34","modified_gmt":"2026-05-02T09:39:34","slug":"adherer","status":"publish","type":"page","link":"https:\/\/www.airoller.fr\/wordpress\/adherer\/","title":{"rendered":"Adh\u00e9rer"},"content":{"rendered":"<h4><img loading=\"lazy\" decoding=\"async\" class=\"aligncenter  wp-image-2855\" src=\"https:\/\/www.airoller.fr\/wordpress\/wp-content\/uploads\/2025\/08\/FLYER_2025_WEB-443x629.jpg\" alt=\"\" width=\"464\" height=\"659\" srcset=\"https:\/\/www.airoller.fr\/wordpress\/wp-content\/uploads\/2025\/08\/FLYER_2025_WEB-443x629.jpg 443w, https:\/\/www.airoller.fr\/wordpress\/wp-content\/uploads\/2025\/08\/FLYER_2025_WEB-211x300.jpg 211w, https:\/\/www.airoller.fr\/wordpress\/wp-content\/uploads\/2025\/08\/FLYER_2025_WEB-768x1090.jpg 768w, https:\/\/www.airoller.fr\/wordpress\/wp-content\/uploads\/2025\/08\/FLYER_2025_WEB-1083x1536.jpg 1083w, https:\/\/www.airoller.fr\/wordpress\/wp-content\/uploads\/2025\/08\/FLYER_2025_WEB-1444x2048.jpg 1444w, https:\/\/www.airoller.fr\/wordpress\/wp-content\/uploads\/2025\/08\/FLYER_2025_WEB-900x1277.jpg 900w, https:\/\/www.airoller.fr\/wordpress\/wp-content\/uploads\/2025\/08\/FLYER_2025_WEB-1280x1816.jpg 1280w, https:\/\/www.airoller.fr\/wordpress\/wp-content\/uploads\/2025\/08\/FLYER_2025_WEB.jpg 1748w\" sizes=\"auto, (max-width: 464px) 100vw, 464px\" \/><\/h4>\n<h4><span style=\"font-size: 1.5em;\">Comment participer aux activit\u00e9s de AIR Roller et nous rejoindre ?<\/span><\/h4>\n<p>L&rsquo;adh\u00e9sion offre la possibilit\u00e9 de participer \u00e0 tous les cours et activit\u00e9s du club (m\u00eame tarif quel que soit le nombre de cours suivis).<\/p>\n<p style=\"text-align: justify;\">Pour adh\u00e9rer, il vous suffit de remplir le bulletin d&rsquo;adh\u00e9sion en ligne, via <strong>Hello Asso<\/strong>, disponible en cliquant <a href=\"https:\/\/www.helloasso.com\/associations\/air-roller\/adhesions\/adhesion-saison-2025-2026-2eme-semestre\">ici<\/a> en tapant cette adresse : <a href=\"https:\/\/www.helloasso.com\/associations\/air-roller\/adhesions\/adhesion-saison-2025-2026-2eme-semestre\">https:\/\/www.helloasso.com\/associations\/air-roller\/adhesions\/adhesion-saison-2025-2026-2eme-semestre<\/a>.<\/p>\n<p><span style=\"color: #000000;\">ou<em><br \/><\/em><\/span><\/p>\n<p>de remplir le <a href=\"https:\/\/www.airoller.fr\/wordpress\/wp-content\/uploads\/2025\/07\/20252026-AIRoller_Adhesion.pdf\">bulletin d&rsquo;adh\u00e9sion<\/a> et de nous le retourner avec les pi\u00e8ces additionnelles et le r\u00e8glement lors des cours ou manifestations, ou encore au si\u00e8ge de l&rsquo;association : 16 rue Ausone, 33000 BORDEAUX.<\/p>\n<p><em>A partir du 1er mars, l&rsquo;adh\u00e9sion ne couvre que le 2nd semestre de l&rsquo;ann\u00e9e sportive (adh\u00e9sion au demi-tarif).<\/em><\/p>\n<p><strong>Le certificat m\u00e9dical n&rsquo;est pas syst\u00e9matique <\/strong>:<\/p>\n<p>Pour une <strong>pratique loisirs<\/strong>, il suffit de remplir le questionnaire sant\u00e9 du minist\u00e8re en charge des sports : questionnaire <a href=\"https:\/\/www.airoller.fr\/wordpress\/wp-content\/uploads\/2018\/08\/QS-SPORT-cerfa_15699.pdf\">adulte<\/a> ou <a href=\"https:\/\/www.airoller.fr\/wordpress\/wp-content\/uploads\/2024\/03\/QUESTIONNAIRE-DE-SANTE-MINEURS.pdf\">mineur<\/a>. Si vous avez r\u00e9pondu \u00e0 NON \u00e0 toutes les questions de sant\u00e9, le certificat m\u00e9dical n&rsquo;est pas obligatoire ; sinon vous devez nous fournir un certificat m\u00e9dical de non contre-indication \u00e0 la pratique du roller.<\/p>\n<p>Pour une <strong>pratique en comp\u00e9tition<\/strong>, le certificat m\u00e9dical de non contre-indication \u00e0 la pratique du roller en comp\u00e9tition est obligatoire la premi\u00e8re ann\u00e9e. Il sera ensuite valable pour les deux ann\u00e9es suivantes, en compl\u00e9tant comme en loisirs les questionnaire suivant votre \u00e2ge <a href=\"https:\/\/www.airoller.fr\/wordpress\/wp-content\/uploads\/2018\/08\/QS-SPORT-cerfa_15699.pdf\">adulte<\/a> ou <a href=\"https:\/\/www.airoller.fr\/wordpress\/wp-content\/uploads\/2024\/03\/QUESTIONNAIRE-DE-SANTE-MINEURS.pdf\">mineur<\/a> (r\u00e9ponses NON \u00e0 toutes les questions de sant\u00e9).<\/p>\n<h3>Quels sont les tarifs ?<\/h3>\n<p style=\"text-align: justify;\">Les tarifs sont d\u00e9finis pour la saison sportive en cours, soit du 1 septembre de l&rsquo;ann\u00e9e au 31 ao\u00fbt de l&rsquo;ann\u00e9e suivante. Le tarif d&rsquo;adh\u00e9sion comprend l&rsquo;adh\u00e9sion \u00e0 l&rsquo;association, qui inclut la licence obligatoire \u00e0 la F\u00e9d\u00e9ration fran\u00e7aise roller et skatebord, FFRS, et l&rsquo;assurance f\u00e9d\u00e9rale.<\/p>\n<p>La cotisation permet l&rsquo;acc\u00e8s \u00e0 l&rsquo;ensemble des cours, suivant l&rsquo;\u00e2ge.<\/p>\n<table style=\"width: 99.762%; height: 120px;\">\n<tbody>\n<tr style=\"height: 122px;\">\n<td style=\"width: 21.7183%; height: 122px;\">Adh\u00e9sion prise du 1er septembre 2025 \u00e0 fin\u00a0 f\u00e9vrier 2026<\/td>\n<td style=\"width: 51.1933%; height: 122px;\">Adh\u00e9sion \u00e0 l&rsquo;association (acc\u00e8s \u00e0 toutes les sections)<\/td>\n<td style=\"width: 78.8783%; height: 122px;\">\n<p style=\"text-align: center;\"><strong>Enfants jusqu&rsquo;\u00e0 12 ans : 130\u20ac<\/strong><br \/><strong>Jeunes et adultes \u00e0 partir de 13 ans : 155\u20ac<\/strong><\/p>\n<\/td>\n<\/tr>\n<tr style=\"height: 122px;\">\n<td style=\"width: 21.7183%; height: 122px;\">Adh\u00e9sion prise du 1er mars 2025 \u00e0 fin ao\u00fbt 2026<\/td>\n<td style=\"width: 51.1933%; height: 122px;\">Adh\u00e9sion \u00e0 l&rsquo;association (acc\u00e8s \u00e0 toutes les sections)<\/td>\n<td style=\"width: 78.8783%; height: 122px;\">\n<p style=\"text-align: center;\"><strong>Enfants jusqu&rsquo;\u00e0 12 ans : 70\u20ac<\/strong><br \/><strong>Jeunes et adultes \u00e0 partir de 13 ans : 80\u20ac<\/strong><\/p>\n<\/td>\n<\/tr>\n<\/tbody>\n<\/table>\n<p style=\"text-align: justify;\"><b>Pour les familles<\/b>, une r\u00e9duction s&rsquo;applique pour les adh\u00e9rent(e)s issu(e)s d&rsquo;un m\u00eame foyer :<\/p>\n<ul>\n<li style=\"text-align: justify;\">&#8211; 5 \u20ac sur l&rsquo;adh\u00e9sion de la 2\u00e8me personne<\/li>\n<li>&#8211; 10 \u20ac sur l&rsquo;adh\u00e9sion de la 3\u00e8me personne<\/li>\n<li>&#8211; 15 \u20ac sur l&rsquo;adh\u00e9sion de la 4\u00e8me personne<\/li>\n<\/ul>\n<p><b>Pour les b\u00e9n\u00e9voles<\/b>, <strong>staffeurs, et moniteurs,<\/strong> une r\u00e9duction de 70\u20ac apr\u00e8s accord du conseil d&rsquo;administration pourra \u00eatre adopt\u00e9e.<\/p>\n<p style=\"text-align: center;\"><a href=\"https:\/\/www.airoller.fr\/wordpress\/wp-content\/uploads\/2025\/07\/20252026-AIRoller_Adhesion.pdf\">T\u00e9l\u00e9charger le bulletin d&rsquo;adh\u00e9sion<\/a><\/p>\n<h3>\u00a0<\/h3>\n<h3>Sans participer \u00e0 nos activit\u00e9s, vous d\u00e9sirez nous soutenir ? Devenez membre bienfaiteur :<\/h3>\n<p style=\"text-align: justify;\"><b>Pour seulement 5 \u20ac<\/b>, vous pouvez devenir membre bienfaiteur et rejoindre les autres membres de AIR.<\/p>\n<p style=\"text-align: justify;\">Il vous suffit de remplir le <a href=\"https:\/\/www.airoller.fr\/wordpress\/wp-content\/uploads\/2025\/07\/20252026-AIRoller_Adhesion.pdf\">bulletin d&rsquo;adh\u00e9sion<\/a> et de nous le retourner lors des cours ou manifestations, ou encore au si\u00e8ge de l&rsquo;association : 16 rue Ausone, 33000 BORDEAUX.<\/p>\n<div>\u00a0<\/div>\n\n","protected":false},"excerpt":{"rendered":"<p>Comment participer aux activit\u00e9s de AIR Roller et nous rejoindre ? L&rsquo;adh\u00e9sion offre la possibilit\u00e9 de participer \u00e0 tous les cours et activit\u00e9s du club (m\u00eame tarif quel que soit le nombre de cours suivis). Pour adh\u00e9rer, il vous suffit de remplir le bulletin d&rsquo;adh\u00e9sion en ligne, via Hello Asso, disponible en cliquant ici en [&hellip;]<\/p>\n","protected":false},"author":3,"featured_media":1737,"parent":0,"menu_order":0,"comment_status":"closed","ping_status":"closed","template":"","meta":{"_acf_changed":false,"footnotes":""},"class_list":["post-276","page","type-page","status-publish","has-post-thumbnail","hentry"],"acf":[],"_links":{"self":[{"href":"https:\/\/www.airoller.fr\/wordpress\/wp-json\/wp\/v2\/pages\/276","targetHints":{"allow":["GET"]}}],"collection":[{"href":"https:\/\/www.airoller.fr\/wordpress\/wp-json\/wp\/v2\/pages"}],"about":[{"href":"https:\/\/www.airoller.fr\/wordpress\/wp-json\/wp\/v2\/types\/page"}],"author":[{"embeddable":true,"href":"https:\/\/www.airoller.fr\/wordpress\/wp-json\/wp\/v2\/users\/3"}],"replies":[{"embeddable":true,"href":"https:\/\/www.airoller.fr\/wordpress\/wp-json\/wp\/v2\/comments?post=276"}],"version-history":[{"count":64,"href":"https:\/\/www.airoller.fr\/wordpress\/wp-json\/wp\/v2\/pages\/276\/revisions"}],"predecessor-version":[{"id":3066,"href":"https:\/\/www.airoller.fr\/wordpress\/wp-json\/wp\/v2\/pages\/276\/revisions\/3066"}],"wp:featuredmedia":[{"embeddable":true,"href":"https:\/\/www.airoller.fr\/wordpress\/wp-json\/wp\/v2\/media\/1737"}],"wp:attachment":[{"href":"https:\/\/www.airoller.fr\/wordpress\/wp-json\/wp\/v2\/media?parent=276"}],"curies":[{"name":"wp","href":"https:\/\/api.w.org\/{rel}","templated":true}]}}