{"id":2884,"date":"2025-08-18T22:37:02","date_gmt":"2025-08-18T20:37:02","guid":{"rendered":"https:\/\/www.airoller.fr\/wordpress\/?page_id=2884"},"modified":"2025-08-18T22:40:42","modified_gmt":"2025-08-18T20:40:42","slug":"12-a-17-ans-roller-mix-ado","status":"publish","type":"page","link":"https:\/\/www.airoller.fr\/wordpress\/cours-et-sections\/12-a-17-ans-roller-mix-ado\/","title":{"rendered":"12 \u00e0 17 ans &#8211; Roller Mix Ado"},"content":{"rendered":"\n<div class=\"wp-block-group\"><div class=\"wp-block-group__inner-container is-layout-constrained wp-block-group-is-layout-constrained\">\n<p data-wp-editing=\"1\"><em><strong>Nouveaut\u00e9 \u00e0 la rentr\u00e9e de septembre 2026 !<\/strong><\/em><\/p>\n<p data-wp-editing=\"1\">AIR roller lance son cours de roller d\u00e9di\u00e9 aux ados, pour les jeunes \u00e2g\u00e9s de 12 \u00e0 17 ans, qui souhaitent d\u00e9couvrir, s&rsquo;am\u00e9liorer voire se perfectionner au roller.<\/p>\n<p data-wp-editing=\"1\">Ouvert \u00e0 tous les niveaux, d\u00e9butants comme confirm\u00e9s, le cours est encadr\u00e9 par un moniteur dipl\u00f4m\u00e9 qui s&rsquo;adaptera au niveau de chacun pour proposer des exercices techniques et des jeux. Objectif : d\u00e9velopper sa pratique du roller urbain indoor, outdoor, freestyle, et d\u00e9couvrir les autres pratiques du roller tout au long de l&rsquo;ann\u00e9e.<\/p>\n<p data-wp-editing=\"1\"><br \/>Protections prot\u00e8ges poignets, genouill\u00e8res, coudi\u00e8res et casque obligatoires.<\/p>\n<h4>\u00c2ge ?<\/h4>\n<p>De 12 \u00e0 17 ans<\/p>\n<h4>O\u00f9 &amp; Quand ?<\/h4>\n<p>Les mercredis de 17h00 \u00e0 18h30<br \/><a href=\"https:\/\/umap.openstreetmap.fr\/fr\/map\/spots_162398#15\/44.8970\/-0.5689\">Plaine des Sports Colette Besson, Salle S2, Bordeaux Lac.<\/a><br \/>Acc\u00e8s tram : ligne C \u2013 arr\u00eat Parc des Expositions.<\/p>\n<h4>Comment s\u2019inscrire ?<\/h4>\n<p>Rendez vous sur ce lien pour retrouver comment s\u2019inscrire et nos tarifs<br \/><a href=\"https:\/\/www.airoller.fr\/wordpress\/adherer\/\">Inscription et Tarif<\/a><\/p>\n<\/div><\/div>\n","protected":false},"excerpt":{"rendered":"<p>Nouveaut\u00e9 \u00e0 la rentr\u00e9e de septembre 2026 ! AIR roller lance son cours de roller d\u00e9di\u00e9 aux ados, pour les jeunes \u00e2g\u00e9s de 12 \u00e0 17 ans, qui souhaitent d\u00e9couvrir, s&rsquo;am\u00e9liorer voire se perfectionner au roller. Ouvert \u00e0 tous les niveaux, d\u00e9butants comme confirm\u00e9s, le cours est encadr\u00e9 par un moniteur dipl\u00f4m\u00e9 qui s&rsquo;adaptera au [&hellip;]<\/p>\n","protected":false},"author":3,"featured_media":0,"parent":99,"menu_order":0,"comment_status":"closed","ping_status":"closed","template":"","meta":{"_acf_changed":false,"footnotes":""},"class_list":["post-2884","page","type-page","status-publish","hentry"],"acf":[],"_links":{"self":[{"href":"https:\/\/www.airoller.fr\/wordpress\/wp-json\/wp\/v2\/pages\/2884","targetHints":{"allow":["GET"]}}],"collection":[{"href":"https:\/\/www.airoller.fr\/wordpress\/wp-json\/wp\/v2\/pages"}],"about":[{"href":"https:\/\/www.airoller.fr\/wordpress\/wp-json\/wp\/v2\/types\/page"}],"author":[{"embeddable":true,"href":"https:\/\/www.airoller.fr\/wordpress\/wp-json\/wp\/v2\/users\/3"}],"replies":[{"embeddable":true,"href":"https:\/\/www.airoller.fr\/wordpress\/wp-json\/wp\/v2\/comments?post=2884"}],"version-history":[{"count":2,"href":"https:\/\/www.airoller.fr\/wordpress\/wp-json\/wp\/v2\/pages\/2884\/revisions"}],"predecessor-version":[{"id":2886,"href":"https:\/\/www.airoller.fr\/wordpress\/wp-json\/wp\/v2\/pages\/2884\/revisions\/2886"}],"up":[{"embeddable":true,"href":"https:\/\/www.airoller.fr\/wordpress\/wp-json\/wp\/v2\/pages\/99"}],"wp:attachment":[{"href":"https:\/\/www.airoller.fr\/wordpress\/wp-json\/wp\/v2\/media?parent=2884"}],"curies":[{"name":"wp","href":"https:\/\/api.w.org\/{rel}","templated":true}]}}