{"id":356,"date":"2017-10-01T19:00:56","date_gmt":"2017-10-01T17:00:56","guid":{"rendered":"http:\/\/www.airoller.fr\/wordpress\/?page_id=356"},"modified":"2026-02-22T22:11:29","modified_gmt":"2026-02-22T21:11:29","slug":"presentation","status":"publish","type":"page","link":"https:\/\/www.airoller.fr\/wordpress\/presentation\/","title":{"rendered":"Qui sommes nous ?"},"content":{"rendered":"<p>L\u2019association AIR a \u00e9t\u00e9 cr\u00e9\u00e9e en 1999 par un petit groupe de passionn\u00e9s. Connue pour l\u2019organisation de <strong>randonn\u00e9es urbaines<\/strong>, gratuites et ouvertes \u00e0 tous, actuellement le dernier vendredi de chaque mois, elle s\u2019est vite forg\u00e9e une r\u00e9putation parmi les communes de l\u2019agglom\u00e9ration gr\u00e2ce au s\u00e9rieux et \u00e0 la s\u00e9curit\u00e9 de son encadrement.<\/p>\n<p><strong>Club affili\u00e9<\/strong> \u00e0 la F\u00e9d\u00e9ration Fran\u00e7aise de Roller et Skateboard (FFRS), AIR Roller organise aussi une <strong>dizaine de cours de roller hebdomadaires<\/strong>, ouverts <strong>d\u00e8s 4 ans et jusqu\u2019aux seniors<\/strong>. De l\u2019\u00e9cole de patinage urbain, \u00e0 la randonn\u00e9e en passant par le roller hockey, le sport co et le roller freestyle, c\u2019est un large panel de pratiques propos\u00e9es en loisirs ou en comp\u00e9tition.<\/p>\n<p>Anim\u00e9e par l\u2019ambition de mettre le roller \u00e0 la port\u00e9e de tous, AIR Roller accueille pr\u00e8s de 200 membres, des <strong>d\u00e9butants jusqu\u2019aux comp\u00e9titeurs <\/strong>titr\u00e9s.<\/p>\n<p>B\u00e9n\u00e9ficiant du label de la F\u00e9d\u00e9ration Fran\u00e7aise de Roller et Skateboard, qui reconna\u00eet les plus grands clubs acteurs pour le d\u00e9veloppement de leur sport, AIR Roller dispose de l\u2019agr\u00e9ment de la Jeunesse et Sports. Voulant la meilleure formation pour ses membres, elle compte dans ses rangs <strong>plusieux moniteurs<\/strong> f\u00e9d\u00e9raux et d\u2019\u00c9tat dipl\u00f4m\u00e9s.<\/p>\n<p>Parce que le roller est un sport, mais aussi un <strong>mode de locomotion<\/strong>, AIR rev\u00eat \u00e9galement la casquette d&rsquo;association d&rsquo;usagers. L&rsquo;association collabore tout au long de l&rsquo;ann\u00e9e avec les collectivit\u00e9s locales (Mairie et m\u00e9tropole principalement) sur les projets d&rsquo;am\u00e9nagement, les probl\u00e9matiques de d\u00e9placement, et repr\u00e9sente les int\u00e9r\u00eats des patineurs.<\/p>\n<p>En 2008, elle a fond\u00e9, avec deux autres associations bordelaises, V\u00e9loCit\u00e9 et Autocomm, le <a href=\"http:\/\/polepuma.free.fr\/\"><strong>P\u00f4le Urbain des Mobilit\u00e9s Alternatives (P.U.M.A)<\/strong><\/a>. Ce regroupement d&rsquo;associations a non seulement pour but de nous permettre de mutualiser nos moyens et nos locaux, mais aussi de participer \u00e0 l&rsquo;\u00e9mergence de propositions constructives et concert\u00e9es entre tous les types d&rsquo;usagers.<\/p>\n<p>Enfin, et surtout, AIR est compos\u00e9e d\u2019une \u00e9quipe de b\u00e9n\u00e9voles r\u00e9unis autour du m\u00eame objectif : faire vivre et partager au plus grand nombre leur passion !<\/p>\n","protected":false},"excerpt":{"rendered":"<p>L\u2019association AIR a \u00e9t\u00e9 cr\u00e9\u00e9e en 1999 par un petit groupe de passionn\u00e9s. Connue pour l\u2019organisation de randonn\u00e9es urbaines, gratuites et ouvertes \u00e0 tous, actuellement le dernier vendredi de chaque mois, elle s\u2019est vite forg\u00e9e une r\u00e9putation parmi les communes de l\u2019agglom\u00e9ration gr\u00e2ce au s\u00e9rieux et \u00e0 la s\u00e9curit\u00e9 de son encadrement. Club affili\u00e9 \u00e0 [&hellip;]<\/p>\n","protected":false},"author":3,"featured_media":0,"parent":0,"menu_order":0,"comment_status":"closed","ping_status":"closed","template":"","meta":{"_acf_changed":false,"footnotes":""},"class_list":["post-356","page","type-page","status-publish","hentry"],"acf":[],"_links":{"self":[{"href":"https:\/\/www.airoller.fr\/wordpress\/wp-json\/wp\/v2\/pages\/356","targetHints":{"allow":["GET"]}}],"collection":[{"href":"https:\/\/www.airoller.fr\/wordpress\/wp-json\/wp\/v2\/pages"}],"about":[{"href":"https:\/\/www.airoller.fr\/wordpress\/wp-json\/wp\/v2\/types\/page"}],"author":[{"embeddable":true,"href":"https:\/\/www.airoller.fr\/wordpress\/wp-json\/wp\/v2\/users\/3"}],"replies":[{"embeddable":true,"href":"https:\/\/www.airoller.fr\/wordpress\/wp-json\/wp\/v2\/comments?post=356"}],"version-history":[{"count":10,"href":"https:\/\/www.airoller.fr\/wordpress\/wp-json\/wp\/v2\/pages\/356\/revisions"}],"predecessor-version":[{"id":3015,"href":"https:\/\/www.airoller.fr\/wordpress\/wp-json\/wp\/v2\/pages\/356\/revisions\/3015"}],"wp:attachment":[{"href":"https:\/\/www.airoller.fr\/wordpress\/wp-json\/wp\/v2\/media?parent=356"}],"curies":[{"name":"wp","href":"https:\/\/api.w.org\/{rel}","templated":true}]}}