{"id":459,"date":"2017-10-06T14:22:58","date_gmt":"2017-10-06T12:22:58","guid":{"rendered":"http:\/\/www.airoller.fr\/wordpress\/?page_id=459"},"modified":"2025-08-18T22:43:00","modified_gmt":"2025-08-18T20:43:00","slug":"famille","status":"publish","type":"page","link":"https:\/\/www.airoller.fr\/wordpress\/famille\/","title":{"rendered":"Family roller &#8211; Cours famille et adultes"},"content":{"rendered":"<p><img loading=\"lazy\" decoding=\"async\" class=\"size-medium wp-image-533 alignleft\" src=\"https:\/\/www.airoller.fr\/wordpress\/wp-content\/uploads\/2017\/10\/roller-famille-300x193.jpg\" alt=\"\" width=\"300\" height=\"193\" srcset=\"https:\/\/www.airoller.fr\/wordpress\/wp-content\/uploads\/2017\/10\/roller-famille-300x193.jpg 300w, https:\/\/www.airoller.fr\/wordpress\/wp-content\/uploads\/2017\/10\/roller-famille-768x494.jpg 768w, https:\/\/www.airoller.fr\/wordpress\/wp-content\/uploads\/2017\/10\/roller-famille-629x404.jpg 629w, https:\/\/www.airoller.fr\/wordpress\/wp-content\/uploads\/2017\/10\/roller-famille.jpg 790w\" sizes=\"auto, (max-width: 300px) 100vw, 300px\" \/>Envie de partager une activit\u00e9 sportive avec votre\/vos enfants ?<br \/>\nGo\u00fbtez aux joies du patinage en famille. Plus d\u2019excuses pour regarder votre jeune padawan en restant assis sur un banc, c\u2019est \u00e0 vous de jouer !<br \/>\nAu programme, des ateliers techniques, ludiques et des jeux pour s\u2019initier et se perfectionner ensemble au roller.<\/p>\n<p>Ce cours est encadr\u00e9 par un moniteur dipl\u00f4m\u00e9.<\/p>\n<p>Protections prot\u00e8ges poignets, genouill\u00e8res, coudi\u00e8res et casque obligatoires pour les enfants.<\/p>\n<h4>Pour qui ?<\/h4>\n<p>Ce cours est ouvert aux familles mais \u00e9galement aux adultes sans enfants.<\/p>\n<h4>O\u00f9\u00a0<span style=\"font-family: arial, helvetica, sans-serif;\">&amp;<\/span> Quand ?<\/h4>\n<p>Les samedis de 13h00 \u00e0 14h00<br \/>\n<a href=\"https:\/\/umap.openstreetmap.fr\/fr\/map\/spots_162398#15\/44.8603\/-0.5618\" target=\"_blank\" rel=\"noopener\">Gymnase Dupaty des Chartrons (62 rue Chantecrit &#8211; 33300 Bordeaux)<\/a><br \/>\nAcc\u00e8s tram : ligne B &#8211; arr\u00eat les Hangars.<\/p>\n<h4>Comment s&rsquo;inscrire ?<\/h4>\n<p>Rendez vous sur ce lien pour retrouver comment s&rsquo;inscrire et nos tarifs<br \/>\n<a href=\"https:\/\/www.airoller.fr\/wordpress\/adherer\/\">Inscription et Tarif<\/a><\/p>\n","protected":false},"excerpt":{"rendered":"<p>Envie de partager une activit\u00e9 sportive avec votre\/vos enfants ? Go\u00fbtez aux joies du patinage en famille. Plus d\u2019excuses pour regarder votre jeune padawan en restant assis sur un banc, c\u2019est \u00e0 vous de jouer ! Au programme, des ateliers techniques, ludiques et des jeux pour s\u2019initier et se perfectionner ensemble au roller. Ce cours [&hellip;]<\/p>\n","protected":false},"author":3,"featured_media":0,"parent":0,"menu_order":0,"comment_status":"closed","ping_status":"closed","template":"","meta":{"_acf_changed":false,"footnotes":""},"class_list":["post-459","page","type-page","status-publish","hentry"],"acf":[],"_links":{"self":[{"href":"https:\/\/www.airoller.fr\/wordpress\/wp-json\/wp\/v2\/pages\/459","targetHints":{"allow":["GET"]}}],"collection":[{"href":"https:\/\/www.airoller.fr\/wordpress\/wp-json\/wp\/v2\/pages"}],"about":[{"href":"https:\/\/www.airoller.fr\/wordpress\/wp-json\/wp\/v2\/types\/page"}],"author":[{"embeddable":true,"href":"https:\/\/www.airoller.fr\/wordpress\/wp-json\/wp\/v2\/users\/3"}],"replies":[{"embeddable":true,"href":"https:\/\/www.airoller.fr\/wordpress\/wp-json\/wp\/v2\/comments?post=459"}],"version-history":[{"count":11,"href":"https:\/\/www.airoller.fr\/wordpress\/wp-json\/wp\/v2\/pages\/459\/revisions"}],"predecessor-version":[{"id":2890,"href":"https:\/\/www.airoller.fr\/wordpress\/wp-json\/wp\/v2\/pages\/459\/revisions\/2890"}],"wp:attachment":[{"href":"https:\/\/www.airoller.fr\/wordpress\/wp-json\/wp\/v2\/media?parent=459"}],"curies":[{"name":"wp","href":"https:\/\/api.w.org\/{rel}","templated":true}]}}