{"id":46,"date":"2017-08-08T20:59:08","date_gmt":"2017-08-08T18:59:08","guid":{"rendered":"http:\/\/www.airoller.fr\/wordpress\/?page_id=46"},"modified":"2023-08-29T15:50:50","modified_gmt":"2023-08-29T13:50:50","slug":"envie-daider","status":"publish","type":"page","link":"https:\/\/www.airoller.fr\/wordpress\/envie-daider\/","title":{"rendered":"Envie d&rsquo;aider ?"},"content":{"rendered":"<p>Vous voulez nous aider mais vous ne voyez pas trop comment ?<\/p>\n<p>Nous cherchons des b\u00e9n\u00e9voles pour assurer l&rsquo;encadrement des randonn\u00e9es, conduire la voiture balai, aider sur les cours et pour de nombreuses autres activit\u00e9s (communication, aide aux animations, t\u00e2ches administratives&#8230;).<\/p>\n<p>Vous pouvez aussi assurer la promotion de l&rsquo;association aupr\u00e8s de votre entourage ou de votre C.E.<\/p>\n<p>Nous formons bien s\u00fbr les b\u00e9n\u00e9voles pour toutes ces activit\u00e9s \ud83d\ude42<\/p>\n<p>Vous pouvez aussi devenir membre bienfaiteur de l&rsquo;association ou nous faire un don.<\/p>\n<p style=\"text-align: center;\"><a href=\"https:\/\/www.airoller.fr\/wordpress\/nous-contacter\/\">Contactez nous !<\/a><\/p>\n","protected":false},"excerpt":{"rendered":"<p>Vous voulez nous aider mais vous ne voyez pas trop comment ? Nous cherchons des b\u00e9n\u00e9voles pour assurer l&rsquo;encadrement des randonn\u00e9es, conduire la voiture balai, aider sur les cours et pour de nombreuses autres activit\u00e9s (communication, aide aux animations, t\u00e2ches administratives&#8230;). Vous pouvez aussi assurer la promotion de l&rsquo;association aupr\u00e8s de votre entourage ou de [&hellip;]<\/p>\n","protected":false},"author":3,"featured_media":0,"parent":0,"menu_order":0,"comment_status":"closed","ping_status":"closed","template":"","meta":{"_acf_changed":false,"footnotes":""},"class_list":["post-46","page","type-page","status-publish","hentry"],"acf":[],"_links":{"self":[{"href":"https:\/\/www.airoller.fr\/wordpress\/wp-json\/wp\/v2\/pages\/46","targetHints":{"allow":["GET"]}}],"collection":[{"href":"https:\/\/www.airoller.fr\/wordpress\/wp-json\/wp\/v2\/pages"}],"about":[{"href":"https:\/\/www.airoller.fr\/wordpress\/wp-json\/wp\/v2\/types\/page"}],"author":[{"embeddable":true,"href":"https:\/\/www.airoller.fr\/wordpress\/wp-json\/wp\/v2\/users\/3"}],"replies":[{"embeddable":true,"href":"https:\/\/www.airoller.fr\/wordpress\/wp-json\/wp\/v2\/comments?post=46"}],"version-history":[{"count":9,"href":"https:\/\/www.airoller.fr\/wordpress\/wp-json\/wp\/v2\/pages\/46\/revisions"}],"predecessor-version":[{"id":2384,"href":"https:\/\/www.airoller.fr\/wordpress\/wp-json\/wp\/v2\/pages\/46\/revisions\/2384"}],"wp:attachment":[{"href":"https:\/\/www.airoller.fr\/wordpress\/wp-json\/wp\/v2\/media?parent=46"}],"curies":[{"name":"wp","href":"https:\/\/api.w.org\/{rel}","templated":true}]}}