{"id":461,"date":"2017-10-06T14:23:22","date_gmt":"2017-10-06T12:23:22","guid":{"rendered":"http:\/\/www.airoller.fr\/wordpress\/?page_id=461"},"modified":"2025-08-18T22:42:32","modified_gmt":"2025-08-18T20:42:32","slug":"jeunes-et-rando","status":"publish","type":"page","link":"https:\/\/www.airoller.fr\/wordpress\/jeunes-et-rando\/","title":{"rendered":"4 \u00e0 12 ans &#8211; \u00c9cole de patinage"},"content":{"rendered":"<p data-wp-editing=\"1\"><img loading=\"lazy\" decoding=\"async\" class=\"aligncenter size-large wp-image-2821\" src=\"https:\/\/www.airoller.fr\/wordpress\/wp-content\/uploads\/2025\/07\/cours-enfants-scaled-e1753046908417-629x463.jpg\" alt=\"\" width=\"629\" height=\"463\" srcset=\"https:\/\/www.airoller.fr\/wordpress\/wp-content\/uploads\/2025\/07\/cours-enfants-scaled-e1753046908417-629x463.jpg 629w, https:\/\/www.airoller.fr\/wordpress\/wp-content\/uploads\/2025\/07\/cours-enfants-scaled-e1753046908417-300x221.jpg 300w, https:\/\/www.airoller.fr\/wordpress\/wp-content\/uploads\/2025\/07\/cours-enfants-scaled-e1753046908417-768x565.jpg 768w, https:\/\/www.airoller.fr\/wordpress\/wp-content\/uploads\/2025\/07\/cours-enfants-scaled-e1753046908417-1536x1131.jpg 1536w, https:\/\/www.airoller.fr\/wordpress\/wp-content\/uploads\/2025\/07\/cours-enfants-scaled-e1753046908417-2048x1507.jpg 2048w, https:\/\/www.airoller.fr\/wordpress\/wp-content\/uploads\/2025\/07\/cours-enfants-scaled-e1753046908417-900x662.jpg 900w, https:\/\/www.airoller.fr\/wordpress\/wp-content\/uploads\/2025\/07\/cours-enfants-scaled-e1753046908417-1280x942.jpg 1280w\" sizes=\"auto, (max-width: 629px) 100vw, 629px\" \/><\/p>\n<p data-wp-editing=\"1\">L&rsquo;\u00e9cole de patinage du samedi est d\u00e9di\u00e9e \u00e0 la d\u00e9couverte et \u00e0 l&rsquo;apprentissage du roller pour les enfants.<br \/>\nAu programme : des ateliers techniques, ludiques et des jeux pour s\u2019initier, se perfectionner et devenir un pro du roller.<\/p>\n<p>Ce cours est encadr\u00e9 par un moniteur dipl\u00f4m\u00e9 d&rsquo;une qualification professionnelle ou d&rsquo;un brevet f\u00e9d\u00e9ral de roller.<br \/>\nProtections prot\u00e8ges poignets, genouill\u00e8res, coudi\u00e8res et casque obligatoires.<\/p>\n<h4>\u00c2ge ?<\/h4>\n<p>De 4 \u00e0 12 ans<\/p>\n<h4>O\u00f9 <span style=\"font-family: arial, helvetica, sans-serif;\">&amp;<\/span> Quand ?<\/h4>\n<p>Les samedis de 10h00 \u00e0 11h30<br \/>\n<a href=\"https:\/\/umap.openstreetmap.fr\/fr\/map\/spots_162398#15\/44.8603\/-0.5618\" target=\"_blank\" rel=\"noopener\">Gymnase Dupaty des Chartrons (62 rue Chantecrit &#8211; 33300 Bordeaux).<\/a><br \/>\nAcc\u00e8s tram : ligne B &#8211; arr\u00eat les Hangars.<\/p>\n<h4>Comment s&rsquo;inscrire ?<\/h4>\n<p>Rendez vous sur ce lien pour retrouver comment s&rsquo;inscrire et nos tarifs<br \/>\n<a href=\"https:\/\/www.airoller.fr\/wordpress\/adherer\/\">Inscription et Tarif<\/a><\/p>\n","protected":false},"excerpt":{"rendered":"<p>L&rsquo;\u00e9cole de patinage du samedi est d\u00e9di\u00e9e \u00e0 la d\u00e9couverte et \u00e0 l&rsquo;apprentissage du roller pour les enfants. Au programme : des ateliers techniques, ludiques et des jeux pour s\u2019initier, se perfectionner et devenir un pro du roller. Ce cours est encadr\u00e9 par un moniteur dipl\u00f4m\u00e9 d&rsquo;une qualification professionnelle ou d&rsquo;un brevet f\u00e9d\u00e9ral de roller. [&hellip;]<\/p>\n","protected":false},"author":3,"featured_media":536,"parent":0,"menu_order":0,"comment_status":"closed","ping_status":"closed","template":"","meta":{"_acf_changed":false,"footnotes":""},"class_list":["post-461","page","type-page","status-publish","has-post-thumbnail","hentry"],"acf":[],"_links":{"self":[{"href":"https:\/\/www.airoller.fr\/wordpress\/wp-json\/wp\/v2\/pages\/461","targetHints":{"allow":["GET"]}}],"collection":[{"href":"https:\/\/www.airoller.fr\/wordpress\/wp-json\/wp\/v2\/pages"}],"about":[{"href":"https:\/\/www.airoller.fr\/wordpress\/wp-json\/wp\/v2\/types\/page"}],"author":[{"embeddable":true,"href":"https:\/\/www.airoller.fr\/wordpress\/wp-json\/wp\/v2\/users\/3"}],"replies":[{"embeddable":true,"href":"https:\/\/www.airoller.fr\/wordpress\/wp-json\/wp\/v2\/comments?post=461"}],"version-history":[{"count":18,"href":"https:\/\/www.airoller.fr\/wordpress\/wp-json\/wp\/v2\/pages\/461\/revisions"}],"predecessor-version":[{"id":2889,"href":"https:\/\/www.airoller.fr\/wordpress\/wp-json\/wp\/v2\/pages\/461\/revisions\/2889"}],"wp:featuredmedia":[{"embeddable":true,"href":"https:\/\/www.airoller.fr\/wordpress\/wp-json\/wp\/v2\/media\/536"}],"wp:attachment":[{"href":"https:\/\/www.airoller.fr\/wordpress\/wp-json\/wp\/v2\/media?parent=461"}],"curies":[{"name":"wp","href":"https:\/\/api.w.org\/{rel}","templated":true}]}}