{"id":467,"date":"2017-10-06T14:25:48","date_gmt":"2017-10-06T12:25:48","guid":{"rendered":"http:\/\/www.airoller.fr\/wordpress\/?page_id=467"},"modified":"2025-08-18T22:17:13","modified_gmt":"2025-08-18T20:17:13","slug":"des-16-ans-adultes","status":"publish","type":"page","link":"https:\/\/www.airoller.fr\/wordpress\/des-16-ans-adultes\/","title":{"rendered":"D\u00e8s 16 ans &#8211; Roller indoor et outdoor : l&rsquo;\u00e9cole de patinage pour les adultes"},"content":{"rendered":"<p><img loading=\"lazy\" decoding=\"async\" class=\"alignnone size-large wp-image-527\" src=\"https:\/\/www.airoller.fr\/wordpress\/wp-content\/uploads\/2017\/10\/roller-urbain-2-629x425.jpg\" alt=\"\" width=\"629\" height=\"425\" srcset=\"https:\/\/www.airoller.fr\/wordpress\/wp-content\/uploads\/2017\/10\/roller-urbain-2-629x425.jpg 629w, https:\/\/www.airoller.fr\/wordpress\/wp-content\/uploads\/2017\/10\/roller-urbain-2-300x203.jpg 300w, https:\/\/www.airoller.fr\/wordpress\/wp-content\/uploads\/2017\/10\/roller-urbain-2-768x519.jpg 768w, https:\/\/www.airoller.fr\/wordpress\/wp-content\/uploads\/2017\/10\/roller-urbain-2.jpg 790w\" sizes=\"auto, (max-width: 629px) 100vw, 629px\" \/><\/p>\n<p>Initiation et perfectionnement en roller pour les adultes : AIR roller organise 2 rendez-vous par semaine pour progresser. Les cours des mardi en ext\u00e9rieur et des mercredi en salle sont consacr\u00e9s \u00e0 l&rsquo;apprentissage technique.<\/p>\n<p>Les cours sont dispens\u00e9s par notre \u00e9quipe de moniteurs dipl\u00f4m\u00e9s.<\/p>\n<p><span style=\"font-family: 'Playfair Display', Georgia, serif; font-size: 1.25em; font-weight: bold; line-height: 23.375px;\">\u00c2ge ?<\/span><\/p>\n<p>D\u00e8s 16 ans<\/p>\n<h4>O\u00f9 <span style=\"font-family: arial, helvetica, sans-serif;\">&amp;<\/span> Quand ?<\/h4>\n<p>Les mardis de 19h15 \u00e0 20h30 : cours outdoor<br \/>\n<a href=\"https:\/\/umap.openstreetmap.fr\/fr\/map\/spots_162398#15\/44.8456\/-0.5694\">Placette de Munich, Quai Louis XVIII face a la place des Quinconces (33000 Bordeaux).<\/a><\/p>\n<p>Les mercredis de 20h30 \u00e0 22h00 : cours indoor<br \/>\n<a href=\"https:\/\/umap.openstreetmap.fr\/fr\/map\/spots_162398#15\/44.8970\/-0.5689\">Plaine des Sports Colette Besson, Salle S2, Bordeaux Lac.<\/a><br \/>\nAcc\u00e8s tram : ligne C \u2013 arr\u00eat Parc des Expositions.<\/p>\n<h4>Comment s&rsquo;inscrire ?<\/h4>\n<p>Rendez vous sur ce lien pour retrouver comment s&rsquo;inscrire et nos tarifs<br \/>\n<a href=\"https:\/\/www.airoller.fr\/wordpress\/adherer\/\">Inscription et Tarif<\/a><\/p>\n","protected":false},"excerpt":{"rendered":"<p>Initiation et perfectionnement en roller pour les adultes : AIR roller organise 2 rendez-vous par semaine pour progresser. Les cours des mardi en ext\u00e9rieur et des mercredi en salle sont consacr\u00e9s \u00e0 l&rsquo;apprentissage technique. Les cours sont dispens\u00e9s par notre \u00e9quipe de moniteurs dipl\u00f4m\u00e9s. \u00c2ge ? D\u00e8s 16 ans O\u00f9 &amp; Quand ? Les mardis [&hellip;]<\/p>\n","protected":false},"author":3,"featured_media":527,"parent":0,"menu_order":0,"comment_status":"closed","ping_status":"closed","template":"","meta":{"_acf_changed":false,"footnotes":""},"class_list":["post-467","page","type-page","status-publish","has-post-thumbnail","hentry"],"acf":[],"_links":{"self":[{"href":"https:\/\/www.airoller.fr\/wordpress\/wp-json\/wp\/v2\/pages\/467","targetHints":{"allow":["GET"]}}],"collection":[{"href":"https:\/\/www.airoller.fr\/wordpress\/wp-json\/wp\/v2\/pages"}],"about":[{"href":"https:\/\/www.airoller.fr\/wordpress\/wp-json\/wp\/v2\/types\/page"}],"author":[{"embeddable":true,"href":"https:\/\/www.airoller.fr\/wordpress\/wp-json\/wp\/v2\/users\/3"}],"replies":[{"embeddable":true,"href":"https:\/\/www.airoller.fr\/wordpress\/wp-json\/wp\/v2\/comments?post=467"}],"version-history":[{"count":23,"href":"https:\/\/www.airoller.fr\/wordpress\/wp-json\/wp\/v2\/pages\/467\/revisions"}],"predecessor-version":[{"id":2876,"href":"https:\/\/www.airoller.fr\/wordpress\/wp-json\/wp\/v2\/pages\/467\/revisions\/2876"}],"wp:featuredmedia":[{"embeddable":true,"href":"https:\/\/www.airoller.fr\/wordpress\/wp-json\/wp\/v2\/media\/527"}],"wp:attachment":[{"href":"https:\/\/www.airoller.fr\/wordpress\/wp-json\/wp\/v2\/media?parent=467"}],"curies":[{"name":"wp","href":"https:\/\/api.w.org\/{rel}","templated":true}]}}