{"id":474,"date":"2017-10-06T14:30:15","date_gmt":"2017-10-06T12:30:15","guid":{"rendered":"http:\/\/www.airoller.fr\/wordpress\/?page_id=474"},"modified":"2025-08-18T22:46:21","modified_gmt":"2025-08-18T20:46:21","slug":"freestyle","status":"publish","type":"page","link":"https:\/\/www.airoller.fr\/wordpress\/freestyle\/","title":{"rendered":"D\u00e8s 16 ans &#8211; Freestyle"},"content":{"rendered":"<p><img loading=\"lazy\" decoding=\"async\" class=\"alignleft wp-image-532 size-large\" src=\"https:\/\/www.airoller.fr\/wordpress\/wp-content\/uploads\/2017\/10\/roller-freestyle-3-629x421.jpg\" alt=\"\" width=\"629\" height=\"421\" srcset=\"https:\/\/www.airoller.fr\/wordpress\/wp-content\/uploads\/2017\/10\/roller-freestyle-3-629x421.jpg 629w, https:\/\/www.airoller.fr\/wordpress\/wp-content\/uploads\/2017\/10\/roller-freestyle-3-300x201.jpg 300w, https:\/\/www.airoller.fr\/wordpress\/wp-content\/uploads\/2017\/10\/roller-freestyle-3.jpg 768w\" sizes=\"auto, (max-width: 629px) 100vw, 629px\" \/><\/p>\n<p>Technique, adresse et \u00e9quilibre sont au programme chaque semaine, sous forme d\u2019ateliers et de jeux.<\/p>\n<p>Disciplines vari\u00e9es : slalom freestyle, speed slalom, arr\u00eats shuffle (d\u00e9rapages) et sauts (tremplin et hauteur pure).<br \/>\nEt une fois les bases acquises, pourquoi ne pas rejoindre l&rsquo;\u00e9quipe comp\u00e9tition et d\u00e9monstration ?<\/p>\n<p>Ce cours est encadr\u00e9 par un moniteur dipl\u00f4m\u00e9 de roller.<br \/>\nCasque obligatoire.<\/p>\n<h4>\u00c2ge ?<\/h4>\n<p>D\u00e8s 16 ans<\/p>\n<h4>O\u00f9 <span style=\"font-family: arial, helvetica, sans-serif;\">&amp;<\/span> Quand ?<\/h4>\n<p>Les mercredi de 19h00 \u00e0 20h30 : cours freestyle loisirs (d\u00e9butants, interm\u00e9diaires, confirm\u00e9s)<br \/>\n<a href=\"https:\/\/umap.openstreetmap.fr\/fr\/map\/spots_162398#15\/44.8970\/-0.5689\">Plaine des Sports Colette Besson, Salle S2, Bordeaux Lac.<\/a><br \/>\nAcc\u00e8s tram : ligne C &#8211; arr\u00eat Parc des Expositions.<\/p>\n<p>Les samedi de 14h00 \u00e0 15h30 : cours d\u00e9di\u00e9 au slalom (classique et battle), pour les adh\u00e9rents ayant un niveau en roller interm\u00e9diaire ou confirm\u00e9.<br \/>\n<a href=\"https:\/\/umap.openstreetmap.fr\/fr\/map\/spots_162398#15\/44.8603\/-0.5618\" target=\"_blank\" rel=\"noopener\">Gymnase Dupaty des Chartrons (62 rue Chantecrit<\/a><a href=\"https:\/\/umap.openstreetmap.fr\/fr\/map\/spots_162398#15\/44.8603\/-0.5618\" target=\"_blank\" rel=\"noopener\"> &#8211;<\/a><a href=\"https:\/\/umap.openstreetmap.fr\/fr\/map\/spots_162398#15\/44.8603\/-0.5618\" target=\"_blank\" rel=\"noopener\"> 33300 Bordeaux)<\/a><br \/>\nAcc\u00e8s tram : ligne B &#8211; arr\u00eat les Hangars.<\/p>\n<h4>Comment s&rsquo;inscrire ?<\/h4>\n<p>Rendez vous sur ce lien pour retrouver comment s&rsquo;inscrire et nos tarifs<br \/>\n<a href=\"https:\/\/www.airoller.fr\/wordpress\/adherer\/\">Inscription et Tarif<\/a><\/p>\n","protected":false},"excerpt":{"rendered":"<p>Technique, adresse et \u00e9quilibre sont au programme chaque semaine, sous forme d\u2019ateliers et de jeux. Disciplines vari\u00e9es : slalom freestyle, speed slalom, arr\u00eats shuffle (d\u00e9rapages) et sauts (tremplin et hauteur pure). Et une fois les bases acquises, pourquoi ne pas rejoindre l&rsquo;\u00e9quipe comp\u00e9tition et d\u00e9monstration ? Ce cours est encadr\u00e9 par un moniteur dipl\u00f4m\u00e9 de [&hellip;]<\/p>\n","protected":false},"author":3,"featured_media":532,"parent":0,"menu_order":0,"comment_status":"closed","ping_status":"closed","template":"","meta":{"_acf_changed":false,"footnotes":""},"class_list":["post-474","page","type-page","status-publish","has-post-thumbnail","hentry"],"acf":[],"_links":{"self":[{"href":"https:\/\/www.airoller.fr\/wordpress\/wp-json\/wp\/v2\/pages\/474","targetHints":{"allow":["GET"]}}],"collection":[{"href":"https:\/\/www.airoller.fr\/wordpress\/wp-json\/wp\/v2\/pages"}],"about":[{"href":"https:\/\/www.airoller.fr\/wordpress\/wp-json\/wp\/v2\/types\/page"}],"author":[{"embeddable":true,"href":"https:\/\/www.airoller.fr\/wordpress\/wp-json\/wp\/v2\/users\/3"}],"replies":[{"embeddable":true,"href":"https:\/\/www.airoller.fr\/wordpress\/wp-json\/wp\/v2\/comments?post=474"}],"version-history":[{"count":23,"href":"https:\/\/www.airoller.fr\/wordpress\/wp-json\/wp\/v2\/pages\/474\/revisions"}],"predecessor-version":[{"id":2892,"href":"https:\/\/www.airoller.fr\/wordpress\/wp-json\/wp\/v2\/pages\/474\/revisions\/2892"}],"wp:featuredmedia":[{"embeddable":true,"href":"https:\/\/www.airoller.fr\/wordpress\/wp-json\/wp\/v2\/media\/532"}],"wp:attachment":[{"href":"https:\/\/www.airoller.fr\/wordpress\/wp-json\/wp\/v2\/media?parent=474"}],"curies":[{"name":"wp","href":"https:\/\/api.w.org\/{rel}","templated":true}]}}