{"id":570,"date":"2017-10-11T18:43:31","date_gmt":"2017-10-11T16:43:31","guid":{"rendered":"http:\/\/www.airoller.fr\/wordpress\/?page_id=570"},"modified":"2023-06-08T08:19:44","modified_gmt":"2023-06-08T06:19:44","slug":"mentions-legales","status":"publish","type":"page","link":"https:\/\/www.airoller.fr\/wordpress\/mentions-legales\/","title":{"rendered":"Mentions l\u00e9gales"},"content":{"rendered":"<p>Le site airoller.fr est la propri\u00e9t\u00e9 de l\u2019association loi 1901 ATTENTION INERTIE RENOUVELABLE (<strong>AIR Roller<\/strong> &#8211; siret 425027570 00042).<\/p>\n<p>Le si\u00e8ge social est situ\u00e9 :<br \/>\n16 rue Ausone<br \/>\n33300 Bordeaux<br \/>\nT\u00e9l : 06 16 34 94 30<\/p>\n<p>Le directeur de la publication du site est M. Fr\u00e9d\u00e9ric Opp\u00e9, en qualit\u00e9 de Pr\u00e9sident de l&rsquo;<strong>Association Air Roller<\/strong>.<\/p>\n<p>L&rsquo;h\u00e9bergement est assur\u00e9 par la soci\u00e9t\u00e9 <strong>OVH<\/strong> (2 rue Kellermann, 59100 Roubaix).<\/p>\n","protected":false},"excerpt":{"rendered":"<p>Le site airoller.fr est la propri\u00e9t\u00e9 de l\u2019association loi 1901 ATTENTION INERTIE RENOUVELABLE (AIR Roller &#8211; siret 425027570 00042). Le si\u00e8ge social est situ\u00e9 : 16 rue Ausone 33300 Bordeaux T\u00e9l : 06 16 34 94 30 Le directeur de la publication du site est M. Fr\u00e9d\u00e9ric Opp\u00e9, en qualit\u00e9 de Pr\u00e9sident de l&rsquo;Association Air [&hellip;]<\/p>\n","protected":false},"author":3,"featured_media":0,"parent":0,"menu_order":0,"comment_status":"closed","ping_status":"closed","template":"","meta":{"_acf_changed":false,"footnotes":""},"class_list":["post-570","page","type-page","status-publish","hentry"],"acf":[],"_links":{"self":[{"href":"https:\/\/www.airoller.fr\/wordpress\/wp-json\/wp\/v2\/pages\/570","targetHints":{"allow":["GET"]}}],"collection":[{"href":"https:\/\/www.airoller.fr\/wordpress\/wp-json\/wp\/v2\/pages"}],"about":[{"href":"https:\/\/www.airoller.fr\/wordpress\/wp-json\/wp\/v2\/types\/page"}],"author":[{"embeddable":true,"href":"https:\/\/www.airoller.fr\/wordpress\/wp-json\/wp\/v2\/users\/3"}],"replies":[{"embeddable":true,"href":"https:\/\/www.airoller.fr\/wordpress\/wp-json\/wp\/v2\/comments?post=570"}],"version-history":[{"count":15,"href":"https:\/\/www.airoller.fr\/wordpress\/wp-json\/wp\/v2\/pages\/570\/revisions"}],"predecessor-version":[{"id":2293,"href":"https:\/\/www.airoller.fr\/wordpress\/wp-json\/wp\/v2\/pages\/570\/revisions\/2293"}],"wp:attachment":[{"href":"https:\/\/www.airoller.fr\/wordpress\/wp-json\/wp\/v2\/media?parent=570"}],"curies":[{"name":"wp","href":"https:\/\/api.w.org\/{rel}","templated":true}]}}