{"id":641,"date":"2018-03-06T17:10:28","date_gmt":"2018-03-06T16:10:28","guid":{"rendered":"http:\/\/www.airoller.fr\/wordpress\/?page_id=641"},"modified":"2025-08-18T22:44:00","modified_gmt":"2025-08-18T20:44:00","slug":"freestyle-jeunes","status":"publish","type":"page","link":"https:\/\/www.airoller.fr\/wordpress\/freestyle-jeunes\/","title":{"rendered":"De 8 \u00e0 15 ans &#8211; Freestyle jeunes"},"content":{"rendered":"<p><img loading=\"lazy\" decoding=\"async\" class=\"size-large wp-image-535 alignnone\" src=\"https:\/\/www.airoller.fr\/wordpress\/wp-content\/uploads\/2017\/10\/roller-freestyle-2-421x629.jpg\" alt=\"\" width=\"421\" height=\"629\" srcset=\"https:\/\/www.airoller.fr\/wordpress\/wp-content\/uploads\/2017\/10\/roller-freestyle-2-421x629.jpg 421w, https:\/\/www.airoller.fr\/wordpress\/wp-content\/uploads\/2017\/10\/roller-freestyle-2-201x300.jpg 201w, https:\/\/www.airoller.fr\/wordpress\/wp-content\/uploads\/2017\/10\/roller-freestyle-2.jpg 437w\" sizes=\"auto, (max-width: 421px) 100vw, 421px\" \/><\/p>\n<p>Technique, adresse et \u00e9quilibre sont au programme chaque semaine, sous forme d\u2019ateliers et de jeux.<br \/>\nDisciplines vari\u00e9es : slalom freestyle, speed slalom, arr\u00eats shuffle et sauts.<\/p>\n<p>Et une fois les bases acquises, pourquoi ne pas rejoindre l&rsquo;\u00e9quipe comp\u00e9tition et d\u00e9monstration ?<\/p>\n<p>Ce cours est encadr\u00e9 par des moniteurs dipl\u00f4m\u00e9s.<\/p>\n<p>Protections prot\u00e8ges poignets obligatoires pour tous. Casque obligatoire pour les sauteurs.<\/p>\n<h4>\u00c2ge ?<\/h4>\n<p>De 8 \u00e0 15 ans<\/p>\n<h4>O\u00f9 <span style=\"font-family: arial, helvetica, sans-serif;\">&amp;<\/span> Quand ?<\/h4>\n<p>Le samedis de 11h30 \u00e0 12h30 (cours jeunes loisir) et\/ou de 14h \u00e0 15h30 (cours jeunes et adultes comp\u00e9tition)<\/p>\n<p><a href=\"https:\/\/umap.openstreetmap.fr\/fr\/map\/spots_162398#15\/44.8603\/-0.5618\" target=\"_blank\" rel=\"noopener\">Gymnase Dupaty des Chartrons (62 rue Chantecrit &#8211; 33300 Bordeaux).<\/a><br \/>\nAcc\u00e8s tram : ligne B &#8211; arr\u00eat les Hangars.<\/p>\n<h4>Comment s&rsquo;inscrire ?<\/h4>\n<p>Rendez vous sur ce lien pour retrouver comment s&rsquo;inscrire et nos tarifs<br \/>\n<a href=\"https:\/\/www.airoller.fr\/wordpress\/adherer\/\">Inscription et Tarif<\/a><\/p>\n","protected":false},"excerpt":{"rendered":"<p>Technique, adresse et \u00e9quilibre sont au programme chaque semaine, sous forme d\u2019ateliers et de jeux. Disciplines vari\u00e9es : slalom freestyle, speed slalom, arr\u00eats shuffle et sauts. Et une fois les bases acquises, pourquoi ne pas rejoindre l&rsquo;\u00e9quipe comp\u00e9tition et d\u00e9monstration ? Ce cours est encadr\u00e9 par des moniteurs dipl\u00f4m\u00e9s. Protections prot\u00e8ges poignets obligatoires pour tous. [&hellip;]<\/p>\n","protected":false},"author":3,"featured_media":0,"parent":0,"menu_order":0,"comment_status":"closed","ping_status":"closed","template":"","meta":{"_acf_changed":false,"footnotes":""},"class_list":["post-641","page","type-page","status-publish","hentry"],"acf":[],"_links":{"self":[{"href":"https:\/\/www.airoller.fr\/wordpress\/wp-json\/wp\/v2\/pages\/641","targetHints":{"allow":["GET"]}}],"collection":[{"href":"https:\/\/www.airoller.fr\/wordpress\/wp-json\/wp\/v2\/pages"}],"about":[{"href":"https:\/\/www.airoller.fr\/wordpress\/wp-json\/wp\/v2\/types\/page"}],"author":[{"embeddable":true,"href":"https:\/\/www.airoller.fr\/wordpress\/wp-json\/wp\/v2\/users\/3"}],"replies":[{"embeddable":true,"href":"https:\/\/www.airoller.fr\/wordpress\/wp-json\/wp\/v2\/comments?post=641"}],"version-history":[{"count":24,"href":"https:\/\/www.airoller.fr\/wordpress\/wp-json\/wp\/v2\/pages\/641\/revisions"}],"predecessor-version":[{"id":2891,"href":"https:\/\/www.airoller.fr\/wordpress\/wp-json\/wp\/v2\/pages\/641\/revisions\/2891"}],"wp:attachment":[{"href":"https:\/\/www.airoller.fr\/wordpress\/wp-json\/wp\/v2\/media?parent=641"}],"curies":[{"name":"wp","href":"https:\/\/api.w.org\/{rel}","templated":true}]}}