{"id":814,"date":"2018-07-30T20:44:29","date_gmt":"2018-07-30T18:44:29","guid":{"rendered":"http:\/\/www.airoller.fr\/wordpress\/?page_id=814"},"modified":"2026-02-22T22:35:11","modified_gmt":"2026-02-22T21:35:11","slug":"le-bureau","status":"publish","type":"page","link":"https:\/\/www.airoller.fr\/wordpress\/le-bureau\/","title":{"rendered":"Le Bureau et le Conseil d&rsquo;administration"},"content":{"rendered":"<p>L&rsquo;association Air roller repose sur une \u00e9quipe de b\u00e9n\u00e9voles membres du conseil d&rsquo;administration et du bureau. Le bureau 2025-2026 a \u00e9t\u00e9 \u00e9lu lors du conseil d&rsquo;administration du 28 juin 2025.<\/p>\n<p>Il est compos\u00e9 de 4 membres :<\/p>\n<ul>\n<li>Pr\u00e9sident : Fr\u00e9d\u00e9ric Opp\u00e9<\/li>\n<li>Vice-pr\u00e9sident: Mathieu Brel<\/li>\n<li>Tr\u00e9sorier : Jessica Thibault<\/li>\n<li>Secr\u00e9taire : Marion Robin<\/li>\n<\/ul>\n<p><br \/>Les autres membres du conseil d&rsquo;administration sont :<\/p>\n<ul>\n<li>Sarah Albert<\/li>\n<li>Christelle Ebessa<\/li>\n<li>\u00c9lisabeth Linage<\/li>\n<li>Raphael Mormin<\/li>\n<\/ul>\n\n\n<p><img loading=\"lazy\" decoding=\"async\" class=\"aligncenter size-medium wp-image-3016\" src=\"https:\/\/www.airoller.fr\/wordpress\/wp-content\/uploads\/2026\/02\/TROMBINOSCOPE_1-240x300.png\" alt=\"\" width=\"240\" height=\"300\" srcset=\"https:\/\/www.airoller.fr\/wordpress\/wp-content\/uploads\/2026\/02\/TROMBINOSCOPE_1-240x300.png 240w, https:\/\/www.airoller.fr\/wordpress\/wp-content\/uploads\/2026\/02\/TROMBINOSCOPE_1-503x629.png 503w, https:\/\/www.airoller.fr\/wordpress\/wp-content\/uploads\/2026\/02\/TROMBINOSCOPE_1-768x960.png 768w, https:\/\/www.airoller.fr\/wordpress\/wp-content\/uploads\/2026\/02\/TROMBINOSCOPE_1-1229x1536.png 1229w, https:\/\/www.airoller.fr\/wordpress\/wp-content\/uploads\/2026\/02\/TROMBINOSCOPE_1-1638x2048.png 1638w, https:\/\/www.airoller.fr\/wordpress\/wp-content\/uploads\/2026\/02\/TROMBINOSCOPE_1-900x1125.png 900w, https:\/\/www.airoller.fr\/wordpress\/wp-content\/uploads\/2026\/02\/TROMBINOSCOPE_1-1280x1600.png 1280w, https:\/\/www.airoller.fr\/wordpress\/wp-content\/uploads\/2026\/02\/TROMBINOSCOPE_1-scaled.png 2048w\" sizes=\"auto, (max-width: 240px) 100vw, 240px\" \/> <img loading=\"lazy\" decoding=\"async\" class=\"aligncenter size-medium wp-image-3017\" src=\"https:\/\/www.airoller.fr\/wordpress\/wp-content\/uploads\/2026\/02\/TROMBINOSCOPE_2-240x300.png\" alt=\"\" width=\"240\" height=\"300\" srcset=\"https:\/\/www.airoller.fr\/wordpress\/wp-content\/uploads\/2026\/02\/TROMBINOSCOPE_2-240x300.png 240w, https:\/\/www.airoller.fr\/wordpress\/wp-content\/uploads\/2026\/02\/TROMBINOSCOPE_2-503x629.png 503w, https:\/\/www.airoller.fr\/wordpress\/wp-content\/uploads\/2026\/02\/TROMBINOSCOPE_2-768x960.png 768w, https:\/\/www.airoller.fr\/wordpress\/wp-content\/uploads\/2026\/02\/TROMBINOSCOPE_2-1229x1536.png 1229w, https:\/\/www.airoller.fr\/wordpress\/wp-content\/uploads\/2026\/02\/TROMBINOSCOPE_2-1638x2048.png 1638w, https:\/\/www.airoller.fr\/wordpress\/wp-content\/uploads\/2026\/02\/TROMBINOSCOPE_2-900x1125.png 900w, https:\/\/www.airoller.fr\/wordpress\/wp-content\/uploads\/2026\/02\/TROMBINOSCOPE_2-1280x1600.png 1280w, https:\/\/www.airoller.fr\/wordpress\/wp-content\/uploads\/2026\/02\/TROMBINOSCOPE_2-scaled.png 2048w\" sizes=\"auto, (max-width: 240px) 100vw, 240px\" \/> <img loading=\"lazy\" decoding=\"async\" class=\"aligncenter size-medium wp-image-3019\" src=\"https:\/\/www.airoller.fr\/wordpress\/wp-content\/uploads\/2026\/02\/TROMBINOSCOPE_3-240x300.png\" alt=\"\" width=\"240\" height=\"300\" srcset=\"https:\/\/www.airoller.fr\/wordpress\/wp-content\/uploads\/2026\/02\/TROMBINOSCOPE_3-240x300.png 240w, https:\/\/www.airoller.fr\/wordpress\/wp-content\/uploads\/2026\/02\/TROMBINOSCOPE_3-503x629.png 503w, https:\/\/www.airoller.fr\/wordpress\/wp-content\/uploads\/2026\/02\/TROMBINOSCOPE_3-768x960.png 768w, https:\/\/www.airoller.fr\/wordpress\/wp-content\/uploads\/2026\/02\/TROMBINOSCOPE_3-1229x1536.png 1229w, https:\/\/www.airoller.fr\/wordpress\/wp-content\/uploads\/2026\/02\/TROMBINOSCOPE_3-1638x2048.png 1638w, https:\/\/www.airoller.fr\/wordpress\/wp-content\/uploads\/2026\/02\/TROMBINOSCOPE_3-900x1125.png 900w, https:\/\/www.airoller.fr\/wordpress\/wp-content\/uploads\/2026\/02\/TROMBINOSCOPE_3-1280x1600.png 1280w, https:\/\/www.airoller.fr\/wordpress\/wp-content\/uploads\/2026\/02\/TROMBINOSCOPE_3-scaled.png 2048w\" sizes=\"auto, (max-width: 240px) 100vw, 240px\" \/> <img loading=\"lazy\" decoding=\"async\" class=\"aligncenter size-medium wp-image-3020\" src=\"https:\/\/www.airoller.fr\/wordpress\/wp-content\/uploads\/2026\/02\/TROMBINOSCOPE_4-240x300.png\" alt=\"\" width=\"240\" height=\"300\" srcset=\"https:\/\/www.airoller.fr\/wordpress\/wp-content\/uploads\/2026\/02\/TROMBINOSCOPE_4-240x300.png 240w, https:\/\/www.airoller.fr\/wordpress\/wp-content\/uploads\/2026\/02\/TROMBINOSCOPE_4-503x629.png 503w, https:\/\/www.airoller.fr\/wordpress\/wp-content\/uploads\/2026\/02\/TROMBINOSCOPE_4-768x960.png 768w, https:\/\/www.airoller.fr\/wordpress\/wp-content\/uploads\/2026\/02\/TROMBINOSCOPE_4-1229x1536.png 1229w, https:\/\/www.airoller.fr\/wordpress\/wp-content\/uploads\/2026\/02\/TROMBINOSCOPE_4-1638x2048.png 1638w, https:\/\/www.airoller.fr\/wordpress\/wp-content\/uploads\/2026\/02\/TROMBINOSCOPE_4-900x1125.png 900w, https:\/\/www.airoller.fr\/wordpress\/wp-content\/uploads\/2026\/02\/TROMBINOSCOPE_4-1280x1600.png 1280w, https:\/\/www.airoller.fr\/wordpress\/wp-content\/uploads\/2026\/02\/TROMBINOSCOPE_4-scaled.png 2048w\" sizes=\"auto, (max-width: 240px) 100vw, 240px\" \/> <img loading=\"lazy\" decoding=\"async\" class=\"aligncenter size-medium wp-image-3021\" src=\"https:\/\/www.airoller.fr\/wordpress\/wp-content\/uploads\/2026\/02\/TROMBINOSCOPE_5-240x300.png\" alt=\"\" width=\"240\" height=\"300\" srcset=\"https:\/\/www.airoller.fr\/wordpress\/wp-content\/uploads\/2026\/02\/TROMBINOSCOPE_5-240x300.png 240w, https:\/\/www.airoller.fr\/wordpress\/wp-content\/uploads\/2026\/02\/TROMBINOSCOPE_5-503x629.png 503w, https:\/\/www.airoller.fr\/wordpress\/wp-content\/uploads\/2026\/02\/TROMBINOSCOPE_5-768x960.png 768w, https:\/\/www.airoller.fr\/wordpress\/wp-content\/uploads\/2026\/02\/TROMBINOSCOPE_5-1229x1536.png 1229w, https:\/\/www.airoller.fr\/wordpress\/wp-content\/uploads\/2026\/02\/TROMBINOSCOPE_5-1638x2048.png 1638w, https:\/\/www.airoller.fr\/wordpress\/wp-content\/uploads\/2026\/02\/TROMBINOSCOPE_5-900x1125.png 900w, https:\/\/www.airoller.fr\/wordpress\/wp-content\/uploads\/2026\/02\/TROMBINOSCOPE_5-1280x1600.png 1280w, https:\/\/www.airoller.fr\/wordpress\/wp-content\/uploads\/2026\/02\/TROMBINOSCOPE_5-scaled.png 2048w\" sizes=\"auto, (max-width: 240px) 100vw, 240px\" \/> <img loading=\"lazy\" decoding=\"async\" class=\"aligncenter size-medium wp-image-3022\" src=\"https:\/\/www.airoller.fr\/wordpress\/wp-content\/uploads\/2026\/02\/TROMBINOSCOPE_6-240x300.png\" alt=\"\" width=\"240\" height=\"300\" srcset=\"https:\/\/www.airoller.fr\/wordpress\/wp-content\/uploads\/2026\/02\/TROMBINOSCOPE_6-240x300.png 240w, https:\/\/www.airoller.fr\/wordpress\/wp-content\/uploads\/2026\/02\/TROMBINOSCOPE_6-503x629.png 503w, https:\/\/www.airoller.fr\/wordpress\/wp-content\/uploads\/2026\/02\/TROMBINOSCOPE_6-768x960.png 768w, https:\/\/www.airoller.fr\/wordpress\/wp-content\/uploads\/2026\/02\/TROMBINOSCOPE_6-1229x1536.png 1229w, https:\/\/www.airoller.fr\/wordpress\/wp-content\/uploads\/2026\/02\/TROMBINOSCOPE_6-1638x2048.png 1638w, https:\/\/www.airoller.fr\/wordpress\/wp-content\/uploads\/2026\/02\/TROMBINOSCOPE_6-900x1125.png 900w, https:\/\/www.airoller.fr\/wordpress\/wp-content\/uploads\/2026\/02\/TROMBINOSCOPE_6-1280x1600.png 1280w, https:\/\/www.airoller.fr\/wordpress\/wp-content\/uploads\/2026\/02\/TROMBINOSCOPE_6-scaled.png 2048w\" sizes=\"auto, (max-width: 240px) 100vw, 240px\" \/> <img loading=\"lazy\" decoding=\"async\" class=\"aligncenter size-medium wp-image-3023\" src=\"https:\/\/www.airoller.fr\/wordpress\/wp-content\/uploads\/2026\/02\/TROMBINOSCOPE_7-240x300.png\" alt=\"\" width=\"240\" height=\"300\" srcset=\"https:\/\/www.airoller.fr\/wordpress\/wp-content\/uploads\/2026\/02\/TROMBINOSCOPE_7-240x300.png 240w, https:\/\/www.airoller.fr\/wordpress\/wp-content\/uploads\/2026\/02\/TROMBINOSCOPE_7-503x629.png 503w, https:\/\/www.airoller.fr\/wordpress\/wp-content\/uploads\/2026\/02\/TROMBINOSCOPE_7-768x960.png 768w, https:\/\/www.airoller.fr\/wordpress\/wp-content\/uploads\/2026\/02\/TROMBINOSCOPE_7-1229x1536.png 1229w, https:\/\/www.airoller.fr\/wordpress\/wp-content\/uploads\/2026\/02\/TROMBINOSCOPE_7-1638x2048.png 1638w, https:\/\/www.airoller.fr\/wordpress\/wp-content\/uploads\/2026\/02\/TROMBINOSCOPE_7-900x1125.png 900w, https:\/\/www.airoller.fr\/wordpress\/wp-content\/uploads\/2026\/02\/TROMBINOSCOPE_7-1280x1600.png 1280w, https:\/\/www.airoller.fr\/wordpress\/wp-content\/uploads\/2026\/02\/TROMBINOSCOPE_7-scaled.png 2048w\" sizes=\"auto, (max-width: 240px) 100vw, 240px\" \/> <img loading=\"lazy\" decoding=\"async\" class=\"aligncenter size-medium wp-image-3024\" src=\"https:\/\/www.airoller.fr\/wordpress\/wp-content\/uploads\/2026\/02\/TROMBINOSCOPE_8-240x300.png\" alt=\"\" width=\"240\" height=\"300\" srcset=\"https:\/\/www.airoller.fr\/wordpress\/wp-content\/uploads\/2026\/02\/TROMBINOSCOPE_8-240x300.png 240w, https:\/\/www.airoller.fr\/wordpress\/wp-content\/uploads\/2026\/02\/TROMBINOSCOPE_8-503x629.png 503w, https:\/\/www.airoller.fr\/wordpress\/wp-content\/uploads\/2026\/02\/TROMBINOSCOPE_8-768x960.png 768w, https:\/\/www.airoller.fr\/wordpress\/wp-content\/uploads\/2026\/02\/TROMBINOSCOPE_8-1229x1536.png 1229w, https:\/\/www.airoller.fr\/wordpress\/wp-content\/uploads\/2026\/02\/TROMBINOSCOPE_8-1638x2048.png 1638w, https:\/\/www.airoller.fr\/wordpress\/wp-content\/uploads\/2026\/02\/TROMBINOSCOPE_8-900x1125.png 900w, https:\/\/www.airoller.fr\/wordpress\/wp-content\/uploads\/2026\/02\/TROMBINOSCOPE_8-1280x1600.png 1280w, https:\/\/www.airoller.fr\/wordpress\/wp-content\/uploads\/2026\/02\/TROMBINOSCOPE_8-scaled.png 2048w\" sizes=\"auto, (max-width: 240px) 100vw, 240px\" \/><\/p>\n","protected":false},"excerpt":{"rendered":"<p>L&rsquo;association Air roller repose sur une \u00e9quipe de b\u00e9n\u00e9voles membres du conseil d&rsquo;administration et du bureau. Le bureau 2025-2026 a \u00e9t\u00e9 \u00e9lu lors du conseil d&rsquo;administration du 28 juin 2025. Il est compos\u00e9 de 4 membres : Pr\u00e9sident : Fr\u00e9d\u00e9ric Opp\u00e9 Vice-pr\u00e9sident: Mathieu Brel Tr\u00e9sorier : Jessica Thibault Secr\u00e9taire : Marion Robin Les autres membres [&hellip;]<\/p>\n","protected":false},"author":3,"featured_media":0,"parent":0,"menu_order":0,"comment_status":"closed","ping_status":"closed","template":"","meta":{"_acf_changed":false,"footnotes":""},"class_list":["post-814","page","type-page","status-publish","hentry"],"acf":[],"_links":{"self":[{"href":"https:\/\/www.airoller.fr\/wordpress\/wp-json\/wp\/v2\/pages\/814","targetHints":{"allow":["GET"]}}],"collection":[{"href":"https:\/\/www.airoller.fr\/wordpress\/wp-json\/wp\/v2\/pages"}],"about":[{"href":"https:\/\/www.airoller.fr\/wordpress\/wp-json\/wp\/v2\/types\/page"}],"author":[{"embeddable":true,"href":"https:\/\/www.airoller.fr\/wordpress\/wp-json\/wp\/v2\/users\/3"}],"replies":[{"embeddable":true,"href":"https:\/\/www.airoller.fr\/wordpress\/wp-json\/wp\/v2\/comments?post=814"}],"version-history":[{"count":31,"href":"https:\/\/www.airoller.fr\/wordpress\/wp-json\/wp\/v2\/pages\/814\/revisions"}],"predecessor-version":[{"id":3031,"href":"https:\/\/www.airoller.fr\/wordpress\/wp-json\/wp\/v2\/pages\/814\/revisions\/3031"}],"wp:attachment":[{"href":"https:\/\/www.airoller.fr\/wordpress\/wp-json\/wp\/v2\/media?parent=814"}],"curies":[{"name":"wp","href":"https:\/\/api.w.org\/{rel}","templated":true}]}}