{"id":848,"date":"2018-08-05T11:34:56","date_gmt":"2018-08-05T09:34:56","guid":{"rendered":"http:\/\/www.airoller.fr\/wordpress\/?page_id=848"},"modified":"2025-08-18T22:46:45","modified_gmt":"2025-08-18T20:46:45","slug":"sports-co","status":"publish","type":"page","link":"https:\/\/www.airoller.fr\/wordpress\/sports-co\/","title":{"rendered":"Sports Collectifs"},"content":{"rendered":"<p><img loading=\"lazy\" decoding=\"async\" class=\"aligncenter  wp-image-2819\" src=\"https:\/\/www.airoller.fr\/wordpress\/wp-content\/uploads\/2025\/07\/sport-co-scaled-e1753046676413-629x569.jpg\" alt=\"\" width=\"497\" height=\"450\" srcset=\"https:\/\/www.airoller.fr\/wordpress\/wp-content\/uploads\/2025\/07\/sport-co-scaled-e1753046676413-629x569.jpg 629w, https:\/\/www.airoller.fr\/wordpress\/wp-content\/uploads\/2025\/07\/sport-co-scaled-e1753046676413-300x271.jpg 300w, https:\/\/www.airoller.fr\/wordpress\/wp-content\/uploads\/2025\/07\/sport-co-scaled-e1753046676413-768x695.jpg 768w, https:\/\/www.airoller.fr\/wordpress\/wp-content\/uploads\/2025\/07\/sport-co-scaled-e1753046676413-1536x1389.jpg 1536w, https:\/\/www.airoller.fr\/wordpress\/wp-content\/uploads\/2025\/07\/sport-co-scaled-e1753046676413-2048x1852.jpg 2048w, https:\/\/www.airoller.fr\/wordpress\/wp-content\/uploads\/2025\/07\/sport-co-scaled-e1753046676413-900x814.jpg 900w, https:\/\/www.airoller.fr\/wordpress\/wp-content\/uploads\/2025\/07\/sport-co-scaled-e1753046676413-1280x1158.jpg 1280w\" sizes=\"auto, (max-width: 497px) 100vw, 497px\" \/><\/p>\n<p>Toujours eu envie d&rsquo;essayer un sport collectif roller aux pieds ?<br \/>\nC&rsquo;est l&rsquo;originalit\u00e9 de la section <strong>Sports Co&rsquo;.<\/strong> Hockey, basket, foot, hand, ultimate&#8230; : chaque semaine, un sport diff\u00e9rent animera la s\u00e9ance. Un peu d&rsquo;adresse, de l&rsquo;esprit d&rsquo;\u00e9quipe et surtout beaucoup de plaisir !<\/p>\n<p>Attention : la section ne sera ouverte qu&rsquo;\u00e0 partir de 8 inscrits.<\/p>\n<h4>\u00c2ge ?<\/h4>\n<p>De 16 ans \u00e0 77 ans<\/p>\n<h4>O\u00f9 <span style=\"font-family: arial, helvetica, sans-serif;\">&amp;<\/span> Quand ?<\/h4>\n<p>Les lundis de 18h \u00e0 19h30<br \/>\n<a href=\"https:\/\/umap.openstreetmap.fr\/fr\/map\/spots_162398#15\/44.8970\/-0.5689\">Plaine des Sports Colette Besson, Salle S2, Bordeaux Lac.<\/a><br \/>\nAcc\u00e8s tram : ligne C &#8211; arr\u00eat Parc des Expositions.<\/p>\n<h4>Comment s&rsquo;inscrire ?<\/h4>\n<p>Rendez vous sur ce lien pour retrouver comment s&rsquo;inscrire et nos tarifs<br \/>\n<a href=\"https:\/\/www.airoller.fr\/wordpress\/adherer\/\">Inscription et Tarif<\/a><\/p>\n","protected":false},"excerpt":{"rendered":"<p>Toujours eu envie d&rsquo;essayer un sport collectif roller aux pieds ? C&rsquo;est l&rsquo;originalit\u00e9 de la section Sports Co&rsquo;. Hockey, basket, foot, hand, ultimate&#8230; : chaque semaine, un sport diff\u00e9rent animera la s\u00e9ance. Un peu d&rsquo;adresse, de l&rsquo;esprit d&rsquo;\u00e9quipe et surtout beaucoup de plaisir ! Attention : la section ne sera ouverte qu&rsquo;\u00e0 partir de 8 [&hellip;]<\/p>\n","protected":false},"author":3,"featured_media":1135,"parent":0,"menu_order":0,"comment_status":"closed","ping_status":"closed","template":"","meta":{"_acf_changed":false,"footnotes":""},"class_list":["post-848","page","type-page","status-publish","has-post-thumbnail","hentry"],"acf":[],"_links":{"self":[{"href":"https:\/\/www.airoller.fr\/wordpress\/wp-json\/wp\/v2\/pages\/848","targetHints":{"allow":["GET"]}}],"collection":[{"href":"https:\/\/www.airoller.fr\/wordpress\/wp-json\/wp\/v2\/pages"}],"about":[{"href":"https:\/\/www.airoller.fr\/wordpress\/wp-json\/wp\/v2\/types\/page"}],"author":[{"embeddable":true,"href":"https:\/\/www.airoller.fr\/wordpress\/wp-json\/wp\/v2\/users\/3"}],"replies":[{"embeddable":true,"href":"https:\/\/www.airoller.fr\/wordpress\/wp-json\/wp\/v2\/comments?post=848"}],"version-history":[{"count":22,"href":"https:\/\/www.airoller.fr\/wordpress\/wp-json\/wp\/v2\/pages\/848\/revisions"}],"predecessor-version":[{"id":2893,"href":"https:\/\/www.airoller.fr\/wordpress\/wp-json\/wp\/v2\/pages\/848\/revisions\/2893"}],"wp:featuredmedia":[{"embeddable":true,"href":"https:\/\/www.airoller.fr\/wordpress\/wp-json\/wp\/v2\/media\/1135"}],"wp:attachment":[{"href":"https:\/\/www.airoller.fr\/wordpress\/wp-json\/wp\/v2\/media?parent=848"}],"curies":[{"name":"wp","href":"https:\/\/api.w.org\/{rel}","templated":true}]}}